{"id":3285,"date":"2020-08-14T15:46:39","date_gmt":"2020-08-14T13:46:39","guid":{"rendered":"https:\/\/enlisantfestival.com\/fr\/?page_id=3285"},"modified":"2020-09-16T00:39:38","modified_gmt":"2020-09-15T22:39:38","slug":"a-propos","status":"publish","type":"page","link":"https:\/\/enlisantfestival.com\/fr\/a-propos\/","title":{"rendered":"A propos"},"content":{"rendered":"<div class=\"wpb-content-wrapper\"><p>[vc_row el_class=&#8221;scs_bg_cover scs_bg_center&#8221; css=&#8221;.vc_custom_1597412657423{margin-top: 5.3rem !important;padding-top: 7.2rem !important;padding-bottom: 8rem !important;background-image: url(https:\/\/enlisantfestival.com\/fr\/wp-content\/uploads\/2020\/08\/JHO_4981.jpg?id=3267) !important;}&#8221;][vc_column]<h1 class=\"sc_title sc_title_regular sc_align_center\" style=\"text-align:center;\">Le festival<\/h1>[\/vc_column][\/vc_row][vc_row css=&#8221;.vc_custom_1449855352356{margin-top: 6.8rem !important;}&#8221;][vc_column]<h2 class=\"sc_title sc_title_regular sc_align_center\" style=\"text-align:center;\">Le festival de la dramaturgie contemporaine en Ha\u00efti.<\/h2>[vc_column_text css=&#8221;.vc_custom_1600209572597{margin-top: 6rem !important;}&#8221;]<\/p>\n<p style=\"text-align: justify;\"><span style=\"color: #ffffff;\">L\u2019id\u00e9e d\u2019organiser, en Ha\u00efti, un festival dont la mission est de promouvoir la dramaturgie contemporaine dans l\u2019espace public est venue pallier la m\u00e9connaissance des \u0153uvres dramatiques des auteurs contemporains. Ce probl\u00e8me est d\u00fb \u00e0 l\u2019absence de repr\u00e9sentation, d\u2019activit\u00e9 de promotions et aussi \u00e0 l\u2019inaccessibilit\u00e9 (absence en librairie et en Biblioth\u00e8que) de certaines de ces \u0153uvres.<\/span><\/p>\n<p style=\"text-align: justify;\"><span style=\"color: #ffffff;\">La BIT-Ha\u00efti dont l\u2019un des objectifs est de promouvoir la dramaturgie contemporaine s\u2019est fix\u00e9e pour mission d\u2019organiser annuellement le festival En lisant afin de faire d\u00e9couvrir au public ha\u00eftien les \u0153uvres majeures des auteurs contemporaines.<\/span><\/p>\n<p style=\"text-align: justify;\"><span style=\"color: #ffffff;\">La premi\u00e8re \u00e9dition dudit festival a \u00e9t\u00e9 consacr\u00e9e \u00e0 l\u2019\u0153uvre d\u2019un des plus grands dramaturges contemporains, Bernard Marie-Kolt\u00e8s, un auteur avec une \u0153uvre puissante qui refl\u00e8te par ces th\u00e8mes l\u2019incandescence des ann\u00e9es 70- 80, la deuxi\u00e8me \u00e9dition aux t\u00e9nors du Th\u00e9\u00e2tre de l\u2019Absurde dont Beckett, Ionesco et Genet, la troisi\u00e8me quand a elle a \u00e9t\u00e9 propos\u00e9e autour de l\u2019\u0153uvre du dramaturge Franco-Ha\u00eftien Jean-Ren\u00e9 Lemoine, la quatri\u00e8me \u00e9dition \u00e9tait enti\u00e8rement consacr\u00e9e \u00e0 l\u2019adaptation des monologues.<\/span><\/p>\n<p style=\"text-align: justify;\"><span style=\"color: #ffffff;\">Cette ann\u00e9e, pour sa cinqui\u00e8me \u00e9dition, le festival En lisant entend promouvoir l\u2019\u0153uvre compl\u00e8te de l\u2019auteur ha\u00eftien Guy Regis Junior, d\u2019o\u00f9 le th\u00e8me : Guy Regis Junior, anti-h\u00e9ros d\u2019une mise en scene traditionnelle.<\/span><\/p>\n<p>[\/vc_column_text][\/vc_column][\/vc_row][vc_row][vc_column][vc_empty_space height=&#8221;50px&#8221;][\/vc_column][\/vc_row]<\/p>\n<\/div>","protected":false},"excerpt":{"rendered":"<p>[vc_row el_class=&#8221;scs_bg_cover scs_bg_center&#8221; css=&#8221;.vc_custom_1597412657423{margin-top: 5.3rem !important;padding-top: 7.2rem !important;padding-bottom: 8rem !important;background-image: url(https:\/\/enlisantfestival.com\/fr\/wp-content\/uploads\/2020\/08\/JHO_4981.jpg?id=3267) !important;}&#8221;][vc_column][\/vc_column][\/vc_row][vc_row css=&#8221;.vc_custom_1449855352356{margin-top: 6.8rem !important;}&#8221;][vc_column][vc_column_text css=&#8221;.vc_custom_1600209572597{margin-top: 6rem !important;}&#8221;] L\u2019id\u00e9e d\u2019organiser, en Ha\u00efti, un festival dont la mission est de promouvoir [&hellip;]<\/p>\n","protected":false},"author":1,"featured_media":0,"parent":0,"menu_order":0,"comment_status":"closed","ping_status":"closed","template":"","meta":{"_FSMCFIC_featured_image_caption":"","_FSMCFIC_featured_image_nocaption":"","_FSMCFIC_featured_image_hide":"","footnotes":""},"class_list":["post-3285","page","type-page","status-publish","hentry"],"yoast_head":"<!-- This site is optimized with the Yoast SEO plugin v27.0 - https:\/\/yoast.com\/product\/yoast-seo-wordpress\/ -->\n<title>A propos - En Lisant festival de th\u00e9\u00e2tre<\/title>\n<meta name=\"robots\" content=\"index, follow, max-snippet:-1, max-image-preview:large, max-video-preview:-1\" \/>\n<link rel=\"canonical\" href=\"https:\/\/enlisantfestival.com\/fr\/a-propos\/\" \/>\n<meta property=\"og:locale\" content=\"fr_FR\" \/>\n<meta property=\"og:type\" content=\"article\" \/>\n<meta property=\"og:title\" content=\"A propos - En Lisant festival de th\u00e9\u00e2tre\" \/>\n<meta property=\"og:description\" content=\"[vc_row el_class=&#8221;scs_bg_cover scs_bg_center&#8221; css=&#8221;.vc_custom_1597412657423{margin-top: 5.3rem !important;padding-top: 7.2rem !important;padding-bottom: 8rem !important;background-image: url(https:\/\/enlisantfestival.com\/fr\/wp-content\/uploads\/2020\/08\/JHO_4981.jpg?id=3267) !important;}&#8221;][vc_column][\/vc_column][\/vc_row][vc_row css=&#8221;.vc_custom_1449855352356{margin-top: 6.8rem !important;}&#8221;][vc_column][vc_column_text css=&#8221;.vc_custom_1600209572597{margin-top: 6rem !important;}&#8221;] L\u2019id\u00e9e d\u2019organiser, en Ha\u00efti, un festival dont la mission est de promouvoir [&hellip;]\" \/>\n<meta property=\"og:url\" content=\"https:\/\/enlisantfestival.com\/fr\/a-propos\/\" \/>\n<meta property=\"og:site_name\" content=\"En Lisant festival de th\u00e9\u00e2tre\" \/>\n<meta property=\"article:modified_time\" content=\"2020-09-15T22:39:38+00:00\" \/>\n<meta property=\"og:image\" content=\"https:\/\/enlisantfestival.com\/fr\/wp-content\/uploads\/2020\/09\/en-lisant-logo.png\" \/>\n\t<meta property=\"og:image:width\" content=\"600\" \/>\n\t<meta property=\"og:image:height\" content=\"343\" \/>\n\t<meta property=\"og:image:type\" content=\"image\/png\" \/>\n<meta name=\"twitter:card\" content=\"summary_large_image\" \/>\n<meta name=\"twitter:label1\" content=\"Dur\u00e9e de lecture estim\u00e9e\" \/>\n\t<meta name=\"twitter:data1\" content=\"2 minutes\" \/>\n<script type=\"application\/ld+json\" class=\"yoast-schema-graph\">{\"@context\":\"https:\/\/schema.org\",\"@graph\":[{\"@type\":\"WebPage\",\"@id\":\"https:\/\/enlisantfestival.com\/fr\/a-propos\/\",\"url\":\"https:\/\/enlisantfestival.com\/fr\/a-propos\/\",\"name\":\"A propos - En Lisant festival de th\u00e9\u00e2tre\",\"isPartOf\":{\"@id\":\"https:\/\/enlisantfestival.com\/fr\/#website\"},\"datePublished\":\"2020-08-14T13:46:39+00:00\",\"dateModified\":\"2020-09-15T22:39:38+00:00\",\"breadcrumb\":{\"@id\":\"https:\/\/enlisantfestival.com\/fr\/a-propos\/#breadcrumb\"},\"inLanguage\":\"fr-FR\",\"potentialAction\":[{\"@type\":\"ReadAction\",\"target\":[\"https:\/\/enlisantfestival.com\/fr\/a-propos\/\"]}]},{\"@type\":\"BreadcrumbList\",\"@id\":\"https:\/\/enlisantfestival.com\/fr\/a-propos\/#breadcrumb\",\"itemListElement\":[{\"@type\":\"ListItem\",\"position\":1,\"name\":\"Accueil\",\"item\":\"https:\/\/enlisantfestival.com\/fr\/\"},{\"@type\":\"ListItem\",\"position\":2,\"name\":\"A propos\"}]},{\"@type\":\"WebSite\",\"@id\":\"https:\/\/enlisantfestival.com\/fr\/#website\",\"url\":\"https:\/\/enlisantfestival.com\/fr\/\",\"name\":\"En Lisant festival de th\u00e9\u00e2tre\",\"description\":\"\",\"publisher\":{\"@id\":\"https:\/\/enlisantfestival.com\/fr\/#organization\"},\"potentialAction\":[{\"@type\":\"SearchAction\",\"target\":{\"@type\":\"EntryPoint\",\"urlTemplate\":\"https:\/\/enlisantfestival.com\/fr\/?s={search_term_string}\"},\"query-input\":{\"@type\":\"PropertyValueSpecification\",\"valueRequired\":true,\"valueName\":\"search_term_string\"}}],\"inLanguage\":\"fr-FR\"},{\"@type\":\"Organization\",\"@id\":\"https:\/\/enlisantfestival.com\/fr\/#organization\",\"name\":\"En Lisant festival de th\u00e9\u00e2tre\",\"url\":\"https:\/\/enlisantfestival.com\/fr\/\",\"logo\":{\"@type\":\"ImageObject\",\"inLanguage\":\"fr-FR\",\"@id\":\"https:\/\/enlisantfestival.com\/fr\/#\/schema\/logo\/image\/\",\"url\":\"https:\/\/enlisantfestival.com\/fr\/wp-content\/uploads\/2020\/09\/en-lisant-logo.png\",\"contentUrl\":\"https:\/\/enlisantfestival.com\/fr\/wp-content\/uploads\/2020\/09\/en-lisant-logo.png\",\"width\":600,\"height\":343,\"caption\":\"En Lisant festival de th\u00e9\u00e2tre\"},\"image\":{\"@id\":\"https:\/\/enlisantfestival.com\/fr\/#\/schema\/logo\/image\/\"}}]}<\/script>\n<!-- \/ Yoast SEO plugin. -->","yoast_head_json":{"title":"A propos - En Lisant festival de th\u00e9\u00e2tre","robots":{"index":"index","follow":"follow","max-snippet":"max-snippet:-1","max-image-preview":"max-image-preview:large","max-video-preview":"max-video-preview:-1"},"canonical":"https:\/\/enlisantfestival.com\/fr\/a-propos\/","og_locale":"fr_FR","og_type":"article","og_title":"A propos - En Lisant festival de th\u00e9\u00e2tre","og_description":"[vc_row el_class=&#8221;scs_bg_cover scs_bg_center&#8221; css=&#8221;.vc_custom_1597412657423{margin-top: 5.3rem !important;padding-top: 7.2rem !important;padding-bottom: 8rem !important;background-image: url(https:\/\/enlisantfestival.com\/fr\/wp-content\/uploads\/2020\/08\/JHO_4981.jpg?id=3267) !important;}&#8221;][vc_column][\/vc_column][\/vc_row][vc_row css=&#8221;.vc_custom_1449855352356{margin-top: 6.8rem !important;}&#8221;][vc_column][vc_column_text css=&#8221;.vc_custom_1600209572597{margin-top: 6rem !important;}&#8221;] L\u2019id\u00e9e d\u2019organiser, en Ha\u00efti, un festival dont la mission est de promouvoir [&hellip;]","og_url":"https:\/\/enlisantfestival.com\/fr\/a-propos\/","og_site_name":"En Lisant festival de th\u00e9\u00e2tre","article_modified_time":"2020-09-15T22:39:38+00:00","og_image":[{"width":600,"height":343,"url":"https:\/\/enlisantfestival.com\/fr\/wp-content\/uploads\/2020\/09\/en-lisant-logo.png","type":"image\/png"}],"twitter_card":"summary_large_image","twitter_misc":{"Dur\u00e9e de lecture estim\u00e9e":"2 minutes"},"schema":{"@context":"https:\/\/schema.org","@graph":[{"@type":"WebPage","@id":"https:\/\/enlisantfestival.com\/fr\/a-propos\/","url":"https:\/\/enlisantfestival.com\/fr\/a-propos\/","name":"A propos - En Lisant festival de th\u00e9\u00e2tre","isPartOf":{"@id":"https:\/\/enlisantfestival.com\/fr\/#website"},"datePublished":"2020-08-14T13:46:39+00:00","dateModified":"2020-09-15T22:39:38+00:00","breadcrumb":{"@id":"https:\/\/enlisantfestival.com\/fr\/a-propos\/#breadcrumb"},"inLanguage":"fr-FR","potentialAction":[{"@type":"ReadAction","target":["https:\/\/enlisantfestival.com\/fr\/a-propos\/"]}]},{"@type":"BreadcrumbList","@id":"https:\/\/enlisantfestival.com\/fr\/a-propos\/#breadcrumb","itemListElement":[{"@type":"ListItem","position":1,"name":"Accueil","item":"https:\/\/enlisantfestival.com\/fr\/"},{"@type":"ListItem","position":2,"name":"A propos"}]},{"@type":"WebSite","@id":"https:\/\/enlisantfestival.com\/fr\/#website","url":"https:\/\/enlisantfestival.com\/fr\/","name":"En Lisant festival de th\u00e9\u00e2tre","description":"","publisher":{"@id":"https:\/\/enlisantfestival.com\/fr\/#organization"},"potentialAction":[{"@type":"SearchAction","target":{"@type":"EntryPoint","urlTemplate":"https:\/\/enlisantfestival.com\/fr\/?s={search_term_string}"},"query-input":{"@type":"PropertyValueSpecification","valueRequired":true,"valueName":"search_term_string"}}],"inLanguage":"fr-FR"},{"@type":"Organization","@id":"https:\/\/enlisantfestival.com\/fr\/#organization","name":"En Lisant festival de th\u00e9\u00e2tre","url":"https:\/\/enlisantfestival.com\/fr\/","logo":{"@type":"ImageObject","inLanguage":"fr-FR","@id":"https:\/\/enlisantfestival.com\/fr\/#\/schema\/logo\/image\/","url":"https:\/\/enlisantfestival.com\/fr\/wp-content\/uploads\/2020\/09\/en-lisant-logo.png","contentUrl":"https:\/\/enlisantfestival.com\/fr\/wp-content\/uploads\/2020\/09\/en-lisant-logo.png","width":600,"height":343,"caption":"En Lisant festival de th\u00e9\u00e2tre"},"image":{"@id":"https:\/\/enlisantfestival.com\/fr\/#\/schema\/logo\/image\/"}}]}},"_links":{"self":[{"href":"https:\/\/enlisantfestival.com\/fr\/wp-json\/wp\/v2\/pages\/3285","targetHints":{"allow":["GET"]}}],"collection":[{"href":"https:\/\/enlisantfestival.com\/fr\/wp-json\/wp\/v2\/pages"}],"about":[{"href":"https:\/\/enlisantfestival.com\/fr\/wp-json\/wp\/v2\/types\/page"}],"author":[{"embeddable":true,"href":"https:\/\/enlisantfestival.com\/fr\/wp-json\/wp\/v2\/users\/1"}],"replies":[{"embeddable":true,"href":"https:\/\/enlisantfestival.com\/fr\/wp-json\/wp\/v2\/comments?post=3285"}],"version-history":[{"count":8,"href":"https:\/\/enlisantfestival.com\/fr\/wp-json\/wp\/v2\/pages\/3285\/revisions"}],"predecessor-version":[{"id":3662,"href":"https:\/\/enlisantfestival.com\/fr\/wp-json\/wp\/v2\/pages\/3285\/revisions\/3662"}],"wp:attachment":[{"href":"https:\/\/enlisantfestival.com\/fr\/wp-json\/wp\/v2\/media?parent=3285"}],"curies":[{"name":"wp","href":"https:\/\/api.w.org\/{rel}","templated":true}]}}